{"id":1253,"date":"2023-10-12T08:25:44","date_gmt":"2023-10-12T08:25:44","guid":{"rendered":"http:\/\/agu-ch.ch\/?page_id=1253"},"modified":"2023-10-12T08:35:26","modified_gmt":"2023-10-12T08:35:26","slug":"dsg-ch","status":"publish","type":"page","link":"http:\/\/agu-ch.ch\/fr\/dsg-ch\/","title":{"rendered":"DSG CH"},"content":{"rendered":"\t\t<div data-elementor-type=\"wp-page\" data-elementor-id=\"1253\" class=\"elementor elementor-1253\">\n\t\t\t\t\t\t<section class=\"elementor-section elementor-top-section elementor-element elementor-element-1f96acaf elementor-section-boxed elementor-section-height-default elementor-section-height-default\" data-id=\"1f96acaf\" data-element_type=\"section\" data-e-type=\"section\" data-settings=\"{&quot;background_background&quot;:&quot;slideshow&quot;,&quot;background_slideshow_gallery&quot;:[{&quot;id&quot;:394,&quot;url&quot;:&quot;http:\\\/\\\/agu-ch.ch\\\/wp-content\\\/uploads\\\/2020\\\/11\\\/Hintergrund_2_4.png&quot;},{&quot;id&quot;:393,&quot;url&quot;:&quot;http:\\\/\\\/agu-ch.ch\\\/wp-content\\\/uploads\\\/2020\\\/11\\\/Hintergrund_2_3.png&quot;},{&quot;id&quot;:392,&quot;url&quot;:&quot;http:\\\/\\\/agu-ch.ch\\\/wp-content\\\/uploads\\\/2020\\\/11\\\/Hintergrund_2_2.png&quot;},{&quot;id&quot;:391,&quot;url&quot;:&quot;http:\\\/\\\/agu-ch.ch\\\/wp-content\\\/uploads\\\/2020\\\/11\\\/Hintergrund_2_1.png&quot;}],&quot;background_slideshow_slide_duration&quot;:10000,&quot;background_slideshow_transition_duration&quot;:1000,&quot;background_slideshow_loop&quot;:&quot;yes&quot;,&quot;background_slideshow_slide_transition&quot;:&quot;fade&quot;}\">\n\t\t\t\t\t\t\t<div class=\"elementor-background-overlay\"><\/div>\n\t\t\t\t\t\t\t<div class=\"elementor-container elementor-column-gap-default\">\n\t\t\t\t\t<div class=\"elementor-column elementor-col-100 elementor-top-column elementor-element elementor-element-3a322b9\" data-id=\"3a322b9\" data-element_type=\"column\" data-e-type=\"column\">\n\t\t\t<div class=\"elementor-widget-wrap elementor-element-populated\">\n\t\t\t\t\t\t<div class=\"elementor-element elementor-element-56bf6b8 elementor-view-default elementor-position-block-start elementor-mobile-position-block-start elementor-widget elementor-widget-icon-box\" data-id=\"56bf6b8\" data-element_type=\"widget\" data-e-type=\"widget\" data-widget_type=\"icon-box.default\">\n\t\t\t\t<div class=\"elementor-widget-container\">\n\t\t\t\t\t\t\t<div class=\"elementor-icon-box-wrapper\">\n\n\t\t\t\t\t\t<div class=\"elementor-icon-box-icon\">\n\t\t\t\t<span  class=\"elementor-icon\">\n\t\t\t\t<i aria-hidden=\"true\" class=\"fas fa-book-reader\"><\/i>\t\t\t\t<\/span>\n\t\t\t<\/div>\n\t\t\t\n\t\t\t\t\t\t<div class=\"elementor-icon-box-content\">\n\n\t\t\t\t\t\t\t\t\t<p class=\"elementor-icon-box-title\">\n\t\t\t\t\t\t<span  >\n\t\t\t\t\t\t\tDSG\t\t\t\t\t\t<\/span>\n\t\t\t\t\t<\/p>\n\t\t\t\t\n\t\t\t\t\n\t\t\t<\/div>\n\t\t\t\n\t\t<\/div>\n\t\t\t\t\t\t<\/div>\n\t\t\t\t<\/div>\n\t\t\t\t<div class=\"elementor-element elementor-element-7e18db9d elementor-widget elementor-widget-heading\" data-id=\"7e18db9d\" data-element_type=\"widget\" data-e-type=\"widget\" data-widget_type=\"heading.default\">\n\t\t\t\t<div class=\"elementor-widget-container\">\n\t\t\t\t\t<h2 class=\"elementor-heading-title elementor-size-large\">Datenschutz<\/h2>\t\t\t\t<\/div>\n\t\t\t\t<\/div>\n\t\t\t\t<div class=\"elementor-element elementor-element-1e8cbe3a elementor-widget elementor-widget-spacer\" data-id=\"1e8cbe3a\" data-element_type=\"widget\" data-e-type=\"widget\" data-widget_type=\"spacer.default\">\n\t\t\t\t<div class=\"elementor-widget-container\">\n\t\t\t\t\t\t\t<div class=\"elementor-spacer\">\n\t\t\t<div class=\"elementor-spacer-inner\"><\/div>\n\t\t<\/div>\n\t\t\t\t\t\t<\/div>\n\t\t\t\t<\/div>\n\t\t\t\t<div class=\"elementor-element elementor-element-5a8ff5fd elementor-widget elementor-widget-spacer\" data-id=\"5a8ff5fd\" data-element_type=\"widget\" data-e-type=\"widget\" data-widget_type=\"spacer.default\">\n\t\t\t\t<div class=\"elementor-widget-container\">\n\t\t\t\t\t\t\t<div class=\"elementor-spacer\">\n\t\t\t<div class=\"elementor-spacer-inner\"><\/div>\n\t\t<\/div>\n\t\t\t\t\t\t<\/div>\n\t\t\t\t<\/div>\n\t\t\t\t\t<\/div>\n\t\t<\/div>\n\t\t\t\t\t<\/div>\n\t\t<\/section>\n\t\t\t\t<section class=\"elementor-section elementor-top-section elementor-element elementor-element-455ab7b elementor-section-boxed elementor-section-height-default elementor-section-height-default\" data-id=\"455ab7b\" data-element_type=\"section\" data-e-type=\"section\">\n\t\t\t\t\t\t<div class=\"elementor-container elementor-column-gap-default\">\n\t\t\t\t\t<div class=\"elementor-column elementor-col-100 elementor-top-column elementor-element elementor-element-5c3c236\" data-id=\"5c3c236\" data-element_type=\"column\" data-e-type=\"column\">\n\t\t\t<div class=\"elementor-widget-wrap elementor-element-populated\">\n\t\t\t\t\t\t<div class=\"elementor-element elementor-element-6d428fd elementor-widget elementor-widget-html\" data-id=\"6d428fd\" data-element_type=\"widget\" data-e-type=\"widget\" data-widget_type=\"html.default\">\n\t\t\t\t<div class=\"elementor-widget-container\">\n\t\t\t\t\t<p><b><\/b><br\/>Autodesk Geospatial Usergroup<br\/>Zelglistrasse 59<br\/>Lenzburg 5600<br\/>Schweiz<br\/><strong>E-Mail<\/strong>: info@agu-ch.ch<br\/><br\/><strong>Vertretungsberechtigte Personen<\/strong><br\/>Christoph Lauber<br\/><br\/><strong>Name des Unternehmens<\/strong>: Autodesk Geospatial Usergroup<br\/><br\/><strong>Datenschutzbeauftragte Person:<\/strong><br\/>Christoph Lauber<br\/>032 332 78 00<br\/>info@agu-ch.ch<br\/><br\/><strong>Allgemeines \/ Einleitung<\/strong><br\/>Gest\u00fctzt auf Artikel 13 der Schweizerischen Bundesverfassung und die datenschutzrechtlichen Bestimmungen des Bundes (Datenschutzgesetz, DSG) hat jede Person Anspruch auf Schutz ihrer Privatsph\u00e4re sowie auf Schutz vor Missbrauch ihrer pers\u00f6nlichen Daten. Die Betreiber dieser Seiten nehmen den Schutz Ihrer pers\u00f6nlichen Daten sehr ernst. Wir behandeln Ihre personenbezogenen Daten vertraulich und entsprechend der gesetzlichen Datenschutzvorschriften sowie dieser Datenschutzerkl\u00e4rung.<br\/><br\/> In Zusammenarbeit mit unseren Hosting-Providern bem\u00fchen wir uns, die Datenbanken so gut wie m\u00f6glich vor unberechtigtem Zugriff, Verlust, Missbrauch oder Verf\u00e4lschung zu sch\u00fctzen.<br\/><br\/>Wir weisen darauf hin, dass die Daten\u00fcbertragung im Internet (z.B. bei der Kommunikation per E-Mail) Sicherheitsl\u00fccken aufweisen kann. Ein l\u00fcckenloser Schutz der Daten vor dem Zugriff durch Dritte ist nicht m\u00f6glich.<br\/><br\/>Durch die Nutzung dieser Website erkl\u00e4ren Sie sich mit der Erhebung, Verarbeitung und Nutzung von Daten gem\u00e4ss der nachfolgenden Beschreibung einverstanden. Diese Website kann grunds\u00e4tzlich ohne Registrierung besucht werden. Daten wie aufgerufene Seiten oder Namen von aufgerufenen Dateien, Datum und Uhrzeit werden zu statistischen Zwecken auf dem Server gespeichert, ohne dass diese Daten unmittelbar auf Ihre Person bezogen werden. Soweit auf unseren Seiten personenbezogene Daten (beispielsweise Name, Anschrift oder eMail-Adressen) erhoben werden, erfolgt dies, soweit m\u00f6glich, stets auf freiwilliger Basis. Diese Daten werden ohne Ihre ausdr\u00fcckliche Zustimmung nicht an Dritte weitergegeben.<br\/><br\/><strong>Verarbeitung personenbezogener Daten<\/strong><br\/>Personenbezogene Daten sind alle Informationen, die sich auf eine identifizierte oder identifizierbare Person beziehen. Eine betroffene Person ist eine Person, \u00fcber die personenbezogene Daten verarbeitet werden. Die Verarbeitung umfasst jeden Umgang mit personenbezogenen Daten, unabh\u00e4ngig von den verwendeten Mitteln und Verfahren, insbesondere die Speicherung, Weitergabe, Beschaffung, L\u00f6schung, Aufbewahrung, Ver\u00e4nderung, Vernichtung und Verwendung personenbezogener Daten.<br\/><br\/>Wir verarbeiten personenbezogene Daten in \u00dcbereinstimmung mit dem Schweizer Datenschutzrecht. Sofern und soweit die EU-DSGVO anwendbar ist, verarbeiten wir personenbezogene Daten dar\u00fcber hinaus auf folgenden Rechtsgrundlagen in Verbindung mit Art. 6 (1) GDPR:<br\/>lit. a) Verarbeitung personenbezogener Daten mit Einwilligung der betroffenen Person.<br\/>lit. b) Verarbeitung personenbezogener Daten zur Erf\u00fcllung eines Vertrages mit der betroffenen Person sowie zur Durchf\u00fchrung entsprechender vorvertraglicher Massnahmen.<br\/>lit. c) Verarbeitung personenbezogener Daten zur Erf\u00fcllung einer rechtlichen Verpflichtung, der wir nach geltendem Recht der EU oder nach geltendem Recht eines Landes, in dem die GDPR ganz oder teilweise anwendbar ist, unterliegen. <br\/>lit. d) Verarbeitung personenbezogener Daten zur Wahrung lebenswichtiger Interessen der betroffenen Person oder einer anderen nat\u00fcrlichen Person.<br\/>lit. f) Verarbeitung personenbezogener Daten zur Wahrung der berechtigten Interessen von uns oder von Dritten, sofern nicht die Grundfreiheiten und Rechte und Interessen der betroffenen Person \u00fcberwiegen. Zu den berechtigten Interessen geh\u00f6ren insbesondere unser gesch\u00e4ftliches Interesse, unsere Website bereitstellen zu k\u00f6nnen, die Informationssicherheit, die Durchsetzung eigener Rechtsanspr\u00fcche und die Einhaltung des schweizerischen Rechts.<br\/><br\/>Wir verarbeiten personenbezogene Daten f\u00fcr die Dauer, die f\u00fcr den jeweiligen Zweck oder die jeweiligen Zwecke erforderlich ist. Bei l\u00e4ngerfristigen Aufbewahrungspflichten aufgrund gesetzlicher und anderer Verpflichtungen, denen wir unterliegen, schr\u00e4nken wir die Bearbeitung entsprechend ein.<br\/><br\/><strong>Kontaktformular<\/strong><br\/>Wenn Sie uns per Kontaktformular Anfragen zukommen lassen, werden Ihre Angaben aus dem Anfrageformular inklusive der von Ihnen dort angegebenen Kontaktdaten zwecks Bearbeitung der Anfrage und f\u00fcr den Fall von Anschlussfragen bei uns gespeichert. Diese Daten geben wir nicht ohne Ihre Einwilligung weiter.<br\/><br\/><strong>Google reCAPTCHA<\/strong><br\/>Diese Website verwendet den reCAPTCHA-Dienst von Google Ireland Limited (Gordon House, Barrow Street Dublin 4, Irland \"Google\"). Die Abfrage dient dazu, zu unterscheiden, ob die Eingabe durch einen Menschen oder durch eine automatisierte, maschinelle Verarbeitung erfolgt. Die Abfrage beinhaltet die \u00dcbermittlung der IP-Adresse und ggf. weiterer von Google f\u00fcr den reCAPTCHA-Dienst ben\u00f6tigter Daten an Google. Zu diesem Zweck wird Ihre Eingabe an Google \u00fcbermittelt und dort weiterverwendet. Ihre IP-Adresse wird von Google jedoch innerhalb von Mitgliedstaaten der Europ\u00e4ischen Union oder in anderen Vertragsstaaten des Abkommens \u00fcber den Europ\u00e4ischen Wirtschaftsraum zuvor gek\u00fcrzt. Nur in Ausnahmef\u00e4llen wird die volle IP-Adresse an einen Server von Google in den USA \u00fcbertragen und dort gek\u00fcrzt. Im Auftrag des Betreibers dieser Website wird Google diese Informationen benutzen, um Ihre Nutzung dieses Dienstes auszuwerten. Die im Rahmen von reCaptcha von Ihrem Browser \u00fcbermittelte IP-Adresse wird nicht mit anderen Daten von Google zusammengef\u00fchrt. Ihre Daten k\u00f6nnen dabei auch in die USA \u00fcbertragen werden. F\u00fcr Daten\u00fcbermittlungen in die USA gibt es einen Angemessenheitsbeschluss der Europ\u00e4ischen Kommission, das \"Privacy Shield\". Google nimmt an dem \"Privacy Shield\" teil und hat sich den Anforderungen unterworfen. Durch Bet\u00e4tigen der Abfrage stimmen Sie der Verarbeitung Ihrer Daten zu. Die Verarbeitung erfolgt auf Grundlage von Art. 6 (1) lit. a DSGVO mit Ihrer Einwilligung. Sie k\u00f6nnen Ihre Einwilligung jederzeit widerrufen, ohne dass die Rechtm\u00e4ssigkeit der aufgrund der Einwilligung bis zum Widerruf erfolgten Verarbeitung ber\u00fchrt wird.<br\/> Weitere Informationen zu Google reCAPTCHA und den dazugeh\u00f6rigen Datenschutzbestimmungen finden Sie unter: https:\/\/policies.google.com\/privacy?hl=de<br\/><br\/><strong>YouTube<\/strong><br\/>Auf dieser Website sind Funktionen des Dienstes \"YouTube\" integriert. \"YouTube\" ist Eigentum von Google Ireland Limited, einem nach irischem Recht gegr\u00fcndeten und betriebenen Unternehmen mit Sitz in Gordon House, Barrow Street, Dublin 4, Irland, das die Dienste im Europ\u00e4ischen Wirtschaftsraum und in der Schweiz betreibt. <br\/>Ihre rechtliche Vereinbarung mit \"YouTube\" besteht aus den Bedingungen, die Sie unter dem folgenden Link finden: https:\/\/www.youtube.com\/static?gl=de&template=terms&hl=de. Diese Bedingungen stellen eine rechtsverbindliche Vereinbarung zwischen Ihnen und \"YouTube\" bez\u00fcglich Ihrer Nutzung der Dienste dar. In den Datenschutzbestimmungen von Google wird erl\u00e4utert, wie \"YouTube\" Ihre pers\u00f6nlichen Daten behandelt und sch\u00fctzt, wenn Sie den Dienst nutzen.<br\/><br\/><strong>Haftungsausschluss<\/strong><br\/>Der Autor \u00fcbernimmt keine Gew\u00e4hr f\u00fcr die Richtigkeit, Genauigkeit, Aktualit\u00e4t, Zuverl\u00e4ssigkeit und Vollst\u00e4ndigkeit der Informationen.<br\/>Haftungsanspr\u00fcche gegen den Autor wegen Sch\u00e4den materieller oder immaterieller Art, die aus dem Zugriff oder der Nutzung bzw. Nichtnutzung der ver\u00f6ffentlichten Informationen, durch Missbrauch der Verbindung oder durch technische St\u00f6rungen entstanden sind, werden ausgeschlossen.<br\/><br\/>Alle Angebote sind freibleibend. Der Autor beh\u00e4lt es sich ausdr\u00fccklich vor, Teile der Seiten oder das gesamte Angebot ohne gesonderte Ank\u00fcndigung zu ver\u00e4ndern, zu erg\u00e4nzen, zu l\u00f6schen oder die Ver\u00f6ffentlichung zeitweise oder endg\u00fcltig einzustellen.<br\/>\t\t\t\t<\/div>\n\t\t\t\t<\/div>\n\t\t\t\t\t<\/div>\n\t\t<\/div>\n\t\t\t\t\t<\/div>\n\t\t<\/section>\n\t\t\t\t<\/div>\n\t\t","protected":false},"excerpt":{"rendered":"<p>DSG Datenschutz Autodesk Geospatial Usergroup Zelglistrasse 59 Lenzburg 5600 Schweiz E-Mail: info@agu-ch.ch Vertretungsberechtigte Personen Christoph Lauber Name des Unternehmens: Autodesk Geospatial Usergroup Datenschutzbeauftragte Person: Christoph Lauber 032 332 78 00 info@agu-ch.ch Allgemeines \/ Einleitung Gest\u00fctzt auf Artikel 13 der Schweizerischen Bundesverfassung und die datenschutzrechtlichen Bestimmungen des Bundes (Datenschutzgesetz, DSG) hat jede Person Anspruch auf Schutz [&hellip;]<\/p>\n","protected":false},"author":1,"featured_media":0,"parent":0,"menu_order":0,"comment_status":"closed","ping_status":"closed","template":"","meta":{"ocean_post_layout":"full-screen","ocean_both_sidebars_style":"","ocean_both_sidebars_content_width":0,"ocean_both_sidebars_sidebars_width":0,"ocean_sidebar":"","ocean_second_sidebar":"","ocean_disable_margins":"enable","ocean_add_body_class":"","ocean_shortcode_before_top_bar":"","ocean_shortcode_after_top_bar":"","ocean_shortcode_before_header":"","ocean_shortcode_after_header":"","ocean_has_shortcode":"","ocean_shortcode_after_title":"","ocean_shortcode_before_footer_widgets":"","ocean_shortcode_after_footer_widgets":"","ocean_shortcode_before_footer_bottom":"","ocean_shortcode_after_footer_bottom":"","ocean_display_top_bar":"default","ocean_display_header":"default","ocean_header_style":"","ocean_center_header_left_menu":"","ocean_custom_header_template":"","ocean_custom_logo":0,"ocean_custom_retina_logo":0,"ocean_custom_logo_max_width":0,"ocean_custom_logo_tablet_max_width":0,"ocean_custom_logo_mobile_max_width":0,"ocean_custom_logo_max_height":0,"ocean_custom_logo_tablet_max_height":0,"ocean_custom_logo_mobile_max_height":0,"ocean_header_custom_menu":"","ocean_menu_typo_font_family":"","ocean_menu_typo_font_subset":"","ocean_menu_typo_font_size":0,"ocean_menu_typo_font_size_tablet":0,"ocean_menu_typo_font_size_mobile":0,"ocean_menu_typo_font_size_unit":"px","ocean_menu_typo_font_weight":"","ocean_menu_typo_font_weight_tablet":"","ocean_menu_typo_font_weight_mobile":"","ocean_menu_typo_transform":"","ocean_menu_typo_transform_tablet":"","ocean_menu_typo_transform_mobile":"","ocean_menu_typo_line_height":0,"ocean_menu_typo_line_height_tablet":0,"ocean_menu_typo_line_height_mobile":0,"ocean_menu_typo_line_height_unit":"","ocean_menu_typo_spacing":0,"ocean_menu_typo_spacing_tablet":0,"ocean_menu_typo_spacing_mobile":0,"ocean_menu_typo_spacing_unit":"","ocean_menu_link_color":"","ocean_menu_link_color_hover":"","ocean_menu_link_color_active":"","ocean_menu_link_background":"","ocean_menu_link_hover_background":"","ocean_menu_link_active_background":"","ocean_menu_social_links_bg":"","ocean_menu_social_hover_links_bg":"","ocean_menu_social_links_color":"","ocean_menu_social_hover_links_color":"","ocean_disable_title":"on","ocean_disable_heading":"default","ocean_post_title":"","ocean_post_subheading":"","ocean_post_title_style":"","ocean_post_title_background_color":"","ocean_post_title_background":0,"ocean_post_title_bg_image_position":"","ocean_post_title_bg_image_attachment":"","ocean_post_title_bg_image_repeat":"","ocean_post_title_bg_image_size":"","ocean_post_title_height":0,"ocean_post_title_bg_overlay":0.5,"ocean_post_title_bg_overlay_color":"","ocean_disable_breadcrumbs":"default","ocean_breadcrumbs_color":"","ocean_breadcrumbs_separator_color":"","ocean_breadcrumbs_links_color":"","ocean_breadcrumbs_links_hover_color":"","ocean_display_footer_widgets":"default","ocean_display_footer_bottom":"default","ocean_custom_footer_template":"","footnotes":""},"class_list":["post-1253","page","type-page","status-publish","hentry","entry"],"_links":{"self":[{"href":"http:\/\/agu-ch.ch\/fr\/wp-json\/wp\/v2\/pages\/1253","targetHints":{"allow":["GET"]}}],"collection":[{"href":"http:\/\/agu-ch.ch\/fr\/wp-json\/wp\/v2\/pages"}],"about":[{"href":"http:\/\/agu-ch.ch\/fr\/wp-json\/wp\/v2\/types\/page"}],"author":[{"embeddable":true,"href":"http:\/\/agu-ch.ch\/fr\/wp-json\/wp\/v2\/users\/1"}],"replies":[{"embeddable":true,"href":"http:\/\/agu-ch.ch\/fr\/wp-json\/wp\/v2\/comments?post=1253"}],"version-history":[{"count":8,"href":"http:\/\/agu-ch.ch\/fr\/wp-json\/wp\/v2\/pages\/1253\/revisions"}],"predecessor-version":[{"id":1261,"href":"http:\/\/agu-ch.ch\/fr\/wp-json\/wp\/v2\/pages\/1253\/revisions\/1261"}],"wp:attachment":[{"href":"http:\/\/agu-ch.ch\/fr\/wp-json\/wp\/v2\/media?parent=1253"}],"curies":[{"name":"wp","href":"https:\/\/api.w.org\/{rel}","templated":true}]}}